{"id":48,"date":"2025-05-15T05:42:42","date_gmt":"2025-05-15T05:42:42","guid":{"rendered":"https:\/\/themexriver.com\/wp\/medicox\/?page_id=48"},"modified":"2026-04-10T00:13:28","modified_gmt":"2026-04-10T00:13:28","slug":"over-ons","status":"publish","type":"page","link":"https:\/\/stagging.blinkshift.net\/de\/over-ons\/","title":{"rendered":"\u00dcber uns"},"content":{"rendered":"<div data-elementor-type=\"wp-page\" data-elementor-id=\"48\" class=\"elementor elementor-48\" data-elementor-post-type=\"page\">\n\t\t\t\t\t\t<section class=\"elementor-section elementor-top-section elementor-element elementor-element-e6877f7 elementor-section-content-middle about-first elementor-section-boxed elementor-section-height-default elementor-section-height-default\" data-id=\"e6877f7\" data-element_type=\"section\" data-e-type=\"section\">\n\t\t\t\t\t\t<div class=\"elementor-container elementor-column-gap-default\">\n\t\t\t\t\t<div class=\"elementor-column elementor-col-50 elementor-top-column elementor-element elementor-element-2699cb1\" data-id=\"2699cb1\" data-element_type=\"column\" data-e-type=\"column\">\n\t\t\t<div class=\"elementor-widget-wrap elementor-element-populated\">\n\t\t\t\t\t\t<div class=\"elementor-element elementor-element-4d08a11 elementor-widget elementor-widget-go-s-heading\" data-id=\"4d08a11\" data-element_type=\"widget\" data-e-type=\"widget\" data-widget_type=\"go-s-heading.default\">\n\t\t\t\t<div class=\"elementor-widget-container\">\n\t\t\t\t\t<div class=\"mc-sec-title7 headline-6 prthalign pera-content\">\n            <div class=\"subtitle text-capitalize d-flex justify-content-center align-items-center\">\n                                \u00dcber uns            <\/div>\n        <h1 class=\"elementor-gt-heading sec_title  tx-split-text split-in-up\">Ihr Partner f\u00fcr medizinische L\u00f6sungen in der Euregion<\/h1>    <div class=\"elementor-gt-desc\">\n    <p>Unser B\u00fcro in der Zeitschrift wurde in der Wiebachstraat 9 in Kerkrade, in den Niederlanden, Belgien und Deutschland registriert. Diesen Standort haben wir mit dem Namen \u201eZiekenhuizen\u201c und \u201eKliniken\u201c in diesen drei L\u00e4ndern besucht. Wir sind bestrebt, weiterhin Dynamik in das medizinische Feld zu bringen und auf die Suche nach neuen Erfolgen f\u00fcr unsere Kunden zu gehen. Um die richtige L\u00f6sung f\u00fcr Ihre Installation\/Ihren Betrieb zu finden, pr\u00fcfen Sie die Waage, um die Qualit\u00e4t der Produkte zu nutzen und die Kosten zu senken.<\/p>\n<\/div>\n<\/div>\t\t\t\t<\/div>\n\t\t\t\t<\/div>\n\t\t\t\t<div class=\"elementor-element elementor-element-b3afa94 elementor-widget elementor-widget-medicox-faq\" data-id=\"b3afa94\" data-element_type=\"widget\" data-e-type=\"widget\" data-widget_type=\"medicox-faq.default\">\n\t\t\t\t<div class=\"elementor-widget-container\">\n\t\t\t\t\t<div class=\"mc-ab7-mission mt-65 d-flex\">\n            <div class=\"item-img img-cover\">\n            <img decoding=\"async\" src=\"https:\/\/stagging.blinkshift.net\/wp-content\/uploads\/2026\/04\/New-Project-4-1.png\" alt=\"Shape\">\n        <\/div>\n        <div class=\"item-ab7-accordion\">\n        <div class=\"accordion\" id=\"accordionExample_274599\">\n                        <div class=\"accordion-item faq_active wow fadeInUp\"  >\n                <h2 class=\"accordion-header\" id=\"heading274599-b6db103\">\n                    <button class=\"accordion-button\" type=\"button\" data-bs-toggle=\"collapse\" data-bs-target=\"#collapse274599-b6db103\" aria-expanded=\"true\" aria-controls=\"collapse274599-b6db103\">\n                        <span>Angebot<\/span>\n                    <\/button>\n                <\/h2>\n                <div id=\"collapse274599-b6db103\" class=\"accordion-collapse collapse show\" aria-labelledby=\"heading274599-b6db103\" data-bs-parent=\"#accordionExample_274599\">\n                    <div class=\"accordion-body\">\n                        <div class=\"bi-faq-text pera-content\">\n                            <p>Ons aanbod omvat investeringsgoederen en verbruiksartikelen voor o.a. CSA, OK, logistiek en verpleegafdelingen. Denk aan werkstoelen, transport- en modulaire wagens, inpaktafels, reinigingsapparatuur, instrumentfixatie en scanners. Daarnaast leveren wij verbruiksartikelen zoals beschermende kleding, etiketten, testmiddelen en reinigingssystemen. Maatwerk is een van onze sterke punten, van transportmiddelen tot instrumentennet-fixaties.<\/p>                        <\/div>\n                    <\/div>\n                <\/div>\n            <\/div>\n                    <\/div>\n    <\/div>\n<\/div>\t\t\t\t<\/div>\n\t\t\t\t<\/div>\n\t\t\t\t\t<\/div>\n\t\t<\/div>\n\t\t\t\t<div class=\"elementor-column elementor-col-50 elementor-top-column elementor-element elementor-element-a730089 elementor-hidden-tablet elementor-hidden-mobile\" data-id=\"a730089\" data-element_type=\"column\" data-e-type=\"column\">\n\t\t\t<div class=\"elementor-widget-wrap elementor-element-populated\">\n\t\t\t\t\t\t<div class=\"elementor-element elementor-element-7db610d elementor-widget elementor-widget-medicox-gallery\" data-id=\"7db610d\" data-element_type=\"widget\" data-e-type=\"widget\" data-widget_type=\"medicox-gallery.default\">\n\t\t\t\t<div class=\"elementor-widget-container\">\n\t\t\t\t\t<div class=\"mc-ab7-img-slide position-relative mt-50\">\n    <div class=\"mc-ab7-img-active swiper-container\">\n        <div class=\"swiper-wrapper\">\n                            <div class=\"swiper-slide\">\n                    <div class=\"mc-ab7-img img-cover\">\n                        <img decoding=\"async\" src=\"https:\/\/stagging.blinkshift.net\/wp-content\/uploads\/2026\/04\/New-Project-8.png\" alt=\"gallery\" class=\"img-fluid\">\n                    <\/div>\n                <\/div>\n                            <div class=\"swiper-slide\">\n                    <div class=\"mc-ab7-img img-cover\">\n                        <img decoding=\"async\" src=\"https:\/\/stagging.blinkshift.net\/wp-content\/uploads\/2026\/04\/New-Project-5.png\" alt=\"gallery\" class=\"img-fluid\">\n                    <\/div>\n                <\/div>\n            \n        <\/div>\n    <\/div>\n    <div class=\"mc-ab-nav d-flex align-items-center\">\n        <div class=\"mc-ab-prev arrow-nav d-flex justify-content-center align-items-center\">\n            <i class=\"fa-solid fa-chevron-left\"><\/i>\n        <\/div>\n        <div class=\"mc-ab-next arrow-nav d-flex justify-content-center align-items-center\">\n            <i class=\"fa-solid fa-chevron-right\"><\/i>\n        <\/div>\n    <\/div>\n    <\/div>\t\t\t\t<\/div>\n\t\t\t\t<\/div>\n\t\t\t\t\t<\/div>\n\t\t<\/div>\n\t\t\t\t\t<\/div>\n\t\t<\/section>\n\t\t\t\t<section class=\"elementor-section elementor-top-section elementor-element elementor-element-9a6da62 elementor-section-full_width elementor-section-height-default elementor-section-height-default\" data-id=\"9a6da62\" data-element_type=\"section\" data-e-type=\"section\">\n\t\t\t\t\t\t<div class=\"elementor-container elementor-column-gap-no\">\n\t\t\t\t\t<div class=\"elementor-column elementor-col-100 elementor-top-column elementor-element elementor-element-b3b0111\" data-id=\"b3b0111\" data-element_type=\"column\" data-e-type=\"column\">\n\t\t\t<div class=\"elementor-widget-wrap elementor-element-populated\">\n\t\t\t\t\t\t<div class=\"elementor-element elementor-element-8c7bb54 elementor-widget elementor-widget-medicox-cta\" data-id=\"8c7bb54\" data-element_type=\"widget\" data-e-type=\"widget\" data-widget_type=\"medicox-cta.default\">\n\t\t\t\t<div class=\"elementor-widget-container\">\n\t\t\t\t\t<div id=\"mc-cta9\" class=\"mc-cta9-sec over-hidden\">\n    <div class=\"mc-cta9-content  pt-150 pb-150 over-hidden position-relative\">\n                    <div class=\"mc-cta9-bg img-parallax img-cover position-absolute\">\n                <img decoding=\"async\" src=\"https:\/\/stagging.blinkshift.net\/wp-content\/uploads\/2026\/03\/1000036267.jpg.jpeg\" alt=\"List\">\n            <\/div>\n                <div class=\"container\">\n            <div class=\"mc-cta9-text d-flex justify-content-end\">\n                <div class=\"mc-cta9-wrap position-relative\">\n                    <div class=\"mc-sec-title7 headline-6 pera-content\">\n                                                    <div class=\"subtitle text-capitalize d-flex align-items-center\">\n                                                                ER-Medical                            <\/div>\n                                                <h1 class=\"elementor-gt-heading sec_title  tx-split-text split-in-up\">Partner<\/h1>                        <p>Wir genie\u00dfen das Vertrauen nationaler und internationaler Hersteller und k\u00f6nnen daher ein breites Produktsortiment f\u00fcr verschiedene Fachbereiche anbieten. Unsere Produkte beziehen wir von Herstellern in ganz Europa, aber auch aus den USA, Kanada und Irland. Qualit\u00e4t und Service sind die beiden wichtigsten Kriterien bei unserer Produktauswahl.<\/p>\n<p>F\u00fcr Details zu unseren Standardprodukten verweisen wir Sie auf unsere Downloadseite mit den verschiedenen Brosch\u00fcren. Unser Sortiment ist so umfangreich, dass Sie dort nicht alle Produkte finden. Sollten Sie ein Produkt suchen, das nicht aufgef\u00fchrt ist, fragen Sie uns einfach; wir helfen Ihnen gerne weiter.<\/p>\n                    <\/div>\n                                            <div class=\"mc-btn-4 mt-30 d-inline-block text-capitalize\">\n                            <a href=\"https:\/\/stagging.blinkshift.net\/de\/contact-us\/\">Kontaktieren Sie uns <i class=\"fa-solid fa-arrow-right\"><\/i><\/a>\n                        <\/div>\n                                                        <\/div>\n            <\/div>\n        <\/div>\n    <\/div>\n<\/div>\t\t\t\t<\/div>\n\t\t\t\t<\/div>\n\t\t\t\t\t<\/div>\n\t\t<\/div>\n\t\t\t\t\t<\/div>\n\t\t<\/section>\n\t\t\t\t<section class=\"elementor-section elementor-top-section elementor-element elementor-element-a6458a1 elementor-section-full_width elementor-hidden-desktop elementor-hidden-tablet elementor-hidden-mobile elementor-section-height-default elementor-section-height-default\" data-id=\"a6458a1\" data-element_type=\"section\" data-e-type=\"section\">\n\t\t\t\t\t\t<div class=\"elementor-container elementor-column-gap-no\">\n\t\t\t\t\t<div class=\"elementor-column elementor-col-100 elementor-top-column elementor-element elementor-element-3b9f2b9\" data-id=\"3b9f2b9\" data-element_type=\"column\" data-e-type=\"column\">\n\t\t\t<div class=\"elementor-widget-wrap elementor-element-populated\">\n\t\t\t\t\t\t<div class=\"elementor-element elementor-element-5c862f8 elementor-widget elementor-widget-video-s-popup\" data-id=\"5c862f8\" data-element_type=\"widget\" data-e-type=\"widget\" data-widget_type=\"video-s-popup.default\">\n\t\t\t\t<div class=\"elementor-widget-container\">\n\t\t\t\t\t<section id=\"mc-vd7\" class=\"mc-vd7-sec over-hidden position-relative\">\n            <div class=\"mc-vd7-img img-parallax position-absolute img-cover\">\n            <img decoding=\"async\" src=\"https:\/\/themexriver.com\/wp\/medicox\/wp-content\/uploads\/2025\/06\/vd7.webp\" alt=\"List\">\n        <\/div>\n        <div class=\"mc-vd7-video\">\n        <a class=\"mc-vd7-play video_box\" href=\"https:\/\/www.youtube.com\/watch?v=pWSAQq618uY&#038;t=6s\">\n            <i class=\"fa-solid fa-play\"><\/i>\n            <span class=\"video_btn_border border_wrap-1\"><\/span>\n            <span class=\"video_btn_border border_wrap-2\"><\/span>\n            <span class=\"video_btn_border border_wrap-3\"><\/span>\n        <\/a>\n    <\/div>\n<\/section>  \t\t\t\t<\/div>\n\t\t\t\t<\/div>\n\t\t\t\t\t<\/div>\n\t\t<\/div>\n\t\t\t\t\t<\/div>\n\t\t<\/section>\n\t\t\t\t<\/div>","protected":false},"excerpt":{"rendered":"<p>Over ons Uw partner in medische oplossingen in de Euregio Met ons kantoor en magazijn zijn wij gevestigd aan de Wiebachstraat 9 te Kerkrade, op de grens van Nederland, Belgi\u00eb en Duitsland. Vanuit deze locatie verzorgen wij met name ziekenhuizen en klinieken in deze drie landen. Wij streven ernaar om continu gehoor te geven aan [&hellip;]<\/p>\n","protected":false},"author":1,"featured_media":0,"parent":0,"menu_order":0,"comment_status":"closed","ping_status":"closed","template":"elementor_header_footer","meta":{"footnotes":""},"class_list":["post-48","page","type-page","status-publish","hentry"],"_links":{"self":[{"href":"https:\/\/stagging.blinkshift.net\/de\/wp-json\/wp\/v2\/pages\/48","targetHints":{"allow":["GET"]}}],"collection":[{"href":"https:\/\/stagging.blinkshift.net\/de\/wp-json\/wp\/v2\/pages"}],"about":[{"href":"https:\/\/stagging.blinkshift.net\/de\/wp-json\/wp\/v2\/types\/page"}],"author":[{"embeddable":true,"href":"https:\/\/stagging.blinkshift.net\/de\/wp-json\/wp\/v2\/users\/1"}],"replies":[{"embeddable":true,"href":"https:\/\/stagging.blinkshift.net\/de\/wp-json\/wp\/v2\/comments?post=48"}],"version-history":[{"count":79,"href":"https:\/\/stagging.blinkshift.net\/de\/wp-json\/wp\/v2\/pages\/48\/revisions"}],"predecessor-version":[{"id":4627,"href":"https:\/\/stagging.blinkshift.net\/de\/wp-json\/wp\/v2\/pages\/48\/revisions\/4627"}],"wp:attachment":[{"href":"https:\/\/stagging.blinkshift.net\/de\/wp-json\/wp\/v2\/media?parent=48"}],"curies":[{"name":"wp","href":"https:\/\/api.w.org\/{rel}","templated":true}]}}